{"id":47,"date":"2020-02-25T15:01:05","date_gmt":"2020-02-25T15:01:05","guid":{"rendered":"https:\/\/evacucheck.com\/sample-page\/"},"modified":"2025-08-06T14:34:50","modified_gmt":"2025-08-06T14:34:50","slug":"sample-page","status":"publish","type":"page","link":"https:\/\/evacucheck.com\/fr\/","title":{"rendered":"Accueil"},"content":{"rendered":"<p><div class=\"fusion-fullwidth fullwidth-box fusion-builder-row-1 nonhundred-percent-fullwidth non-hundred-percent-height-scrolling\" style=\"--awb-border-radius-top-left:0px;--awb-border-radius-top-right:0px;--awb-border-radius-bottom-right:0px;--awb-border-radius-bottom-left:0px;--awb-flex-wrap:wrap;\" ><div class=\"fusion-builder-row fusion-row\"><div class=\"fusion-layout-column fusion_builder_column fusion-builder-column-0 fusion_builder_column_1_1 1_1 fusion-one-full fusion-column-first fusion-column-last\" style=\"--awb-bg-size:cover;\"><div class=\"fusion-column-wrapper fusion-column-has-shadow fusion-flex-column-wrapper-legacy\"><div class=\"fusion-title title fusion-title-1 fusion-sep-none fusion-title-center fusion-title-text fusion-title-size-two\"><h2 class=\"fusion-title-heading title-heading-center\" style=\"margin:0;\">Bienvenue<\/h2><\/div><div class=\"fusion-text fusion-text-1\"><p style=\"text-align: center;\"><strong>Bienvenue sur le site web d\u2019Evacucheck<\/strong><br \/>\nNotre syst\u00e8me de v\u00e9rification d\u2019\u00e9vacuation des pi\u00e8ces est un outil indispensable qui vous permettra de d\u00e9terminer si tous les occupants<br \/>\nont quitt\u00e9 les lieux lors d\u2019une proc\u00e9dure d\u2019\u00e9vacuation de b\u00e2timent. Le pr\u00e9sent site vous permettra de constater qu\u2019Evacucheck est le produit id\u00e9al<br \/>\npour votre r\u00e9sidence de personnes \u00e2g\u00e9es, h\u00f4pital, \u00e9cole ou immeuble de bureaux.<\/p>\n<\/div><div class=\"fusion-title title fusion-title-2 fusion-sep-none fusion-title-center fusion-title-text fusion-title-size-three\"><h3 class=\"fusion-title-heading title-heading-center\" style=\"margin:0;\"><strong>SOYEZ INTELLIGENT, PENSEZ S\u00c9CURIT\u00c9, OPTEZ POUR EVACUCHECK!<\/strong><\/h3><\/div><div class=\"fusion-clearfix\"><\/div><\/div><\/div><\/div><\/div><div class=\"fusion-fullwidth fullwidth-box fusion-builder-row-2 nonhundred-percent-fullwidth non-hundred-percent-height-scrolling\" style=\"--awb-border-radius-top-left:0px;--awb-border-radius-top-right:0px;--awb-border-radius-bottom-right:0px;--awb-border-radius-bottom-left:0px;--awb-flex-wrap:wrap;\" ><div class=\"fusion-builder-row fusion-row\"><div class=\"fusion-layout-column fusion_builder_column fusion-builder-column-1 fusion_builder_column_1_3 1_3 fusion-one-third fusion-column-first\" style=\"--awb-padding-top:30px;--awb-padding-right:20px;--awb-padding-bottom:30px;--awb-padding-left:20px;--awb-bg-size:cover;--awb-border-color:var(--awb-color5);--awb-border-top:12px;--awb-border-style:solid;width:33.333333333333%;width:calc(33.333333333333% - ( ( 4% + 4% ) * 0.33333333333333 ) );margin-right: 4%;\" data-scroll-devices=\"small-visibility,medium-visibility,large-visibility\"><div class=\"fusion-column-wrapper fusion-column-has-shadow fusion-flex-column-wrapper-legacy\"><div class=\"fusion-title title fusion-title-3 fusion-sep-none fusion-title-center fusion-title-text fusion-title-size-two\"><h2 class=\"fusion-title-heading title-heading-center\" style=\"margin:0;\">\u00c0 propos<\/h2><\/div><div class=\"fusion-text fusion-text-2\"><p><strong>Evacucheck<\/strong> a \u00e9t\u00e9 invent\u00e9 par un policier et un pompier volontaire retrait\u00e9s qui, au cours de leur carri\u00e8re, ont particip\u00e9 \u00e0 de nombreuses \u00e9vacuations de b\u00e2timents lors desquelles un probl\u00e8me flagrant et r\u00e9current survenait: personne ne pouvait garantir qu\u2019il n\u2019y avait plus personne \u00e0 l\u2019int\u00e9rieur des b\u00e2timents. Il n\u2019existait aucun syst\u00e8me fiable sur lequel compter pour d\u00e9terminer si toutes les pi\u00e8ces avaient \u00e9t\u00e9 \u00e9vacu\u00e9es ou si des personnes \u00e9taient retourn\u00e9es dans les pi\u00e8ces \u00e9vacu\u00e9es.<\/p>\n<\/div><div class=\"fusion-sep-clear\"><\/div><div class=\"fusion-separator fusion-full-width-sep\" style=\"margin-left: auto;margin-right: auto;width:100%;\"><div class=\"fusion-separator-border sep-single sep-solid\" style=\"--awb-height:20px;--awb-amount:20px;--awb-sep-color:rgba(224,222,222,0.72);border-color:rgba(224,222,222,0.72);border-top-width:1px;\"><\/div><\/div><div class=\"fusion-sep-clear\"><\/div><div class=\"fusion-button-wrapper\"><a class=\"fusion-button button-flat fusion-button-default-size button-custom fusion-button-default button-1 fusion-button-default-span fusion-button-default-type\" style=\"--button_accent_color:#000000;--button_accent_hover_color:#078045;--button_border_hover_color:#ffffff;--button_gradient_top_color:rgba(160,206,78,0);--button_gradient_bottom_color:rgba(160,206,78,0);--button_gradient_top_color_hover:rgba(150,195,70,0);--button_gradient_bottom_color_hover:rgba(150,195,70,0);\" target=\"_self\" href=\"https:\/\/evacucheck.com\/fr\/a-propos\/\"><span class=\"fusion-button-text awb-button__text awb-button__text--default\">En savoir plus<\/span><i class=\"fa-arrow-right fas awb-button__icon awb-button__icon--default button-icon-right\" aria-hidden=\"true\"><\/i><\/a><\/div><div class=\"fusion-clearfix\"><\/div><\/div><\/div><div class=\"fusion-layout-column fusion_builder_column fusion-builder-column-2 fusion_builder_column_1_3 1_3 fusion-one-third\" style=\"--awb-padding-top:30px;--awb-padding-right:20px;--awb-padding-bottom:30px;--awb-padding-left:20px;--awb-bg-size:cover;--awb-border-color:#c2c2c2;--awb-border-top:12px;--awb-border-style:solid;width:33.333333333333%;width:calc(33.333333333333% - ( ( 4% + 4% ) * 0.33333333333333 ) );margin-right: 4%;\"><div class=\"fusion-column-wrapper fusion-column-has-shadow fusion-flex-column-wrapper-legacy\"><div class=\"fusion-title title fusion-title-4 fusion-sep-none fusion-title-center fusion-title-text fusion-title-size-two\"><h2 class=\"fusion-title-heading title-heading-center\" style=\"margin:0;\">Notre produit<\/h2><\/div><div class=\"fusion-text fusion-text-3\"><p><strong>Evacucheck est le syst\u00e8me id\u00e9al pour les situations d\u2019urgence dans les endroits suivants :<\/strong><\/p>\n<ul>\n<li>les h\u00f4pitaux;<\/li>\n<li>les foyers pour personnes \u00e2g\u00e9es;<\/li>\n<li>les centres d\u2019h\u00e9bergement de soins de longue dur\u00e9e;<\/li>\n<li>les r\u00e9sidences pour personnes retrait\u00e9es;<\/li>\n<li>les h\u00f4tels;<\/li>\n<li class=\"last-child\">les \u00e9coles;<\/li>\n<\/ul>\n<\/div><div class=\"fusion-sep-clear\"><\/div><div class=\"fusion-separator fusion-full-width-sep\" style=\"margin-left: auto;margin-right: auto;width:100%;\"><div class=\"fusion-separator-border sep-single sep-solid\" style=\"--awb-height:20px;--awb-amount:20px;--awb-sep-color:rgba(224,222,222,0.72);border-color:rgba(224,222,222,0.72);border-top-width:1px;\"><\/div><\/div><div class=\"fusion-sep-clear\"><\/div><div class=\"fusion-button-wrapper\"><a class=\"fusion-button button-flat fusion-button-default-size button-custom fusion-button-default button-2 fusion-button-default-span fusion-button-default-type\" style=\"--button_accent_color:#000000;--button_accent_hover_color:#078045;--button_border_hover_color:#ffffff;--button_gradient_top_color:rgba(160,206,78,0);--button_gradient_bottom_color:rgba(160,206,78,0);--button_gradient_top_color_hover:rgba(150,195,70,0);--button_gradient_bottom_color_hover:rgba(150,195,70,0);\" target=\"_self\" href=\"https:\/\/evacucheck.com\/fr\/notre-produit\/\"><span class=\"fusion-button-text awb-button__text awb-button__text--default\">Plus<\/span><i class=\"fa-arrow-right fas awb-button__icon awb-button__icon--default button-icon-right\" aria-hidden=\"true\"><\/i><\/a><\/div><div class=\"fusion-clearfix\"><\/div><\/div><\/div><div class=\"fusion-layout-column fusion_builder_column fusion-builder-column-3 fusion_builder_column_1_3 1_3 fusion-one-third fusion-column-last\" style=\"--awb-padding-top:30px;--awb-padding-right:20px;--awb-padding-bottom:30px;--awb-padding-left:20px;--awb-bg-size:cover;--awb-border-color:#e4e4e4;--awb-border-top:12px;--awb-border-style:solid;width:33.333333333333%;width:calc(33.333333333333% - ( ( 4% + 4% ) * 0.33333333333333 ) );\"><div class=\"fusion-column-wrapper fusion-column-has-shadow fusion-flex-column-wrapper-legacy\"><div class=\"fusion-title title fusion-title-5 fusion-sep-none fusion-title-center fusion-title-text fusion-title-size-two\"><h2 class=\"fusion-title-heading title-heading-center\" style=\"margin:0;\">Comment \u00e7a fonctionne<\/h2><\/div><div class=\"fusion-text fusion-text-4\"><p>Evacucheck est un outil discret et efficace pour faciliter les \u00e9vacuations d\u2019urgence. Facile \u00e0 installer, il indique clairement les pi\u00e8ces v\u00e9rifi\u00e9es et les sorties \u00e0 emprunter, tout en acc\u00e9l\u00e9rant les interventions.<\/p>\n<\/div><div class=\"fusion-sep-clear\"><\/div><div class=\"fusion-separator fusion-full-width-sep\" style=\"margin-left: auto;margin-right: auto;width:100%;\"><div class=\"fusion-separator-border sep-single sep-solid\" style=\"--awb-height:20px;--awb-amount:20px;--awb-sep-color:rgba(224,222,222,0.72);border-color:rgba(224,222,222,0.72);border-top-width:1px;\"><\/div><\/div><div class=\"fusion-sep-clear\"><\/div><div class=\"fusion-button-wrapper\"><a class=\"fusion-button button-flat fusion-button-default-size button-custom fusion-button-default button-3 fusion-button-default-span fusion-button-default-type\" style=\"--button_accent_color:#000000;--button_accent_hover_color:#078045;--button_border_hover_color:#ffffff;--button_gradient_top_color:rgba(160,206,78,0);--button_gradient_bottom_color:rgba(160,206,78,0);--button_gradient_top_color_hover:rgba(150,195,70,0);--button_gradient_bottom_color_hover:rgba(150,195,70,0);\" target=\"_self\" href=\"https:\/\/evacucheck.com\/fr\/comment-ca-fonctionne\/\"><span class=\"fusion-button-text awb-button__text awb-button__text--default\">En savoir plus<\/span><i class=\"fa-arrow-right fas awb-button__icon awb-button__icon--default button-icon-right\" aria-hidden=\"true\"><\/i><\/a><\/div><div class=\"fusion-clearfix\"><\/div><\/div><\/div><\/div><\/div><\/p>\n","protected":false},"excerpt":{"rendered":"","protected":false},"author":1,"featured_media":0,"parent":0,"menu_order":0,"comment_status":"closed","ping_status":"closed","template":"","meta":{"footnotes":""},"class_list":["post-47","page","type-page","status-publish","hentry"],"_links":{"self":[{"href":"https:\/\/evacucheck.com\/fr\/wp-json\/wp\/v2\/pages\/47","targetHints":{"allow":["GET"]}}],"collection":[{"href":"https:\/\/evacucheck.com\/fr\/wp-json\/wp\/v2\/pages"}],"about":[{"href":"https:\/\/evacucheck.com\/fr\/wp-json\/wp\/v2\/types\/page"}],"author":[{"embeddable":true,"href":"https:\/\/evacucheck.com\/fr\/wp-json\/wp\/v2\/users\/1"}],"replies":[{"embeddable":true,"href":"https:\/\/evacucheck.com\/fr\/wp-json\/wp\/v2\/comments?post=47"}],"version-history":[{"count":15,"href":"https:\/\/evacucheck.com\/fr\/wp-json\/wp\/v2\/pages\/47\/revisions"}],"predecessor-version":[{"id":167,"href":"https:\/\/evacucheck.com\/fr\/wp-json\/wp\/v2\/pages\/47\/revisions\/167"}],"wp:attachment":[{"href":"https:\/\/evacucheck.com\/fr\/wp-json\/wp\/v2\/media?parent=47"}],"curies":[{"name":"wp","href":"https:\/\/api.w.org\/{rel}","templated":true}]}}