{"id":49,"date":"2020-02-25T16:09:38","date_gmt":"2020-02-25T16:09:38","guid":{"rendered":"https:\/\/evacucheck.com\/about-us\/"},"modified":"2025-08-04T17:29:49","modified_gmt":"2025-08-04T17:29:49","slug":"a-propos","status":"publish","type":"page","link":"https:\/\/evacucheck.com\/fr\/a-propos\/","title":{"rendered":"\u00c0 propos"},"content":{"rendered":"<div class=\"fusion-fullwidth fullwidth-box fusion-builder-row-1 nonhundred-percent-fullwidth non-hundred-percent-height-scrolling\" style=\"--awb-border-radius-top-left:0px;--awb-border-radius-top-right:0px;--awb-border-radius-bottom-right:0px;--awb-border-radius-bottom-left:0px;--awb-flex-wrap:wrap;\" ><div class=\"fusion-builder-row fusion-row\"><div class=\"fusion-layout-column fusion_builder_column fusion-builder-column-0 fusion_builder_column_1_1 1_1 fusion-one-full fusion-column-first fusion-column-last\" style=\"--awb-bg-size:cover;\"><div class=\"fusion-column-wrapper fusion-column-has-shadow fusion-flex-column-wrapper-legacy\"><div class=\"fusion-text fusion-text-1\"><p><strong>Evacucheck<\/strong> a \u00e9t\u00e9 invent\u00e9 par un policier et un pompier volontaire retrait\u00e9s qui, au cours de leur carri\u00e8re, ont particip\u00e9 \u00e0 de nombreuses \u00e9vacuations de b\u00e2timents lors desquelles un probl\u00e8me flagrant et r\u00e9current survenait: personne ne pouvait garantir qu\u2019il n\u2019y avait plus personne \u00e0 l\u2019int\u00e9rieur des b\u00e2timents. Il n\u2019existait aucun syst\u00e8me fiable sur lequel compter pour d\u00e9terminer si toutes les pi\u00e8ces avaient \u00e9t\u00e9 \u00e9vacu\u00e9es ou si des personnes \u00e9taient retourn\u00e9es dans les pi\u00e8ces \u00e9vacu\u00e9es. Le Syst\u00e8me de V\u00e9rification d\u2019\u00c9vacuation <strong>Evacucheck<\/strong> a \u00e9t\u00e9 cr\u00e9\u00e9 pour r\u00e9pondre \u00e0 ce besoin particulier.<\/p>\n<p>Alors que les produits existants avaient comme faille de ne pas indiquer si des personnes \u00e9taient retourn\u00e9es dans les pi\u00e8ces \u00e9vacu\u00e9es, nous avons donc cr\u00e9\u00e9 le seul et unique produit fiable qui r\u00e9pond \u00e0 tous les besoins, Evacucheck !<\/p>\n<p>Pr\u00e9curseur, nous avons cr\u00e9\u00e9 ce syst\u00e8me efficace et ing\u00e9nieux et des milliers de r\u00e9sidences sont maintenant \u00e9quip\u00e9 d\u2019Evacucheck. Depuis plus de 25 ans, Evacucheck aide les services d\u2019urgences \u00e0 \u00e9vacuer les b\u00e2timents de fa\u00e7on efficace et r\u00e9pond au besoin particulier de savoir si une personne est retourn\u00e9e dans une pi\u00e8ce d\u00e9j\u00e0 \u00e9vacu\u00e9e. Evacucheck est le syst\u00e8me qui affiche le plus clairement les pi\u00e8ces \u00e9vacu\u00e9es et non \u00e9vacu\u00e9es.<\/p>\n<p>Toutes les composantes de notre syst\u00e8me sont de premi\u00e8re qualit\u00e9. Evacucheck respect toutes les normes de la pr\u00e9vention d\u2019incendie. Il est solide, discret et s\u2019installent facilement sur tout types de portes. Evacucheck est efficace, durable, fiable et facile \u00e0 utiliser.<\/p>\n<ul>\n<li>Evacucheck est install\u00e9 de fa\u00e7on permanente sur la porte<\/li>\n<li>En position ouverte, c&rsquo;est le dispositif le plus r\u00e9fl\u00e9chissant pour une meilleure efficacit\u00e9<\/li>\n<li>Les fl\u00e8ches de sortie d\u2019Evacucheck dirigent les occupants vers les sorties de secours les plus pr\u00e8s (install\u00e9 par le client)<\/li>\n<li>En position ferm\u00e9e, Evacucheck est compact, peut \u00eatre peint et esth\u00e9tique<\/li>\n<li>Evacucheck est install\u00e9 sur la partie inf\u00e9rieure de la porte et hautement r\u00e9fl\u00e9chissant<\/li>\n<li>Evacucheck peut \u00eatre adapt\u00e9 pour fonctionner avec tous les types de portes<\/li>\n<li>Evacucheck n\u2019a pas besoin d\u2019entretien<\/li>\n<li><strong>Evacucheck est efficace, durable, fiable et facile \u00e0 utiliser!<\/strong><\/li>\n<\/ul>\n<\/div><div class=\"fusion-clearfix\"><\/div><\/div><\/div><\/div><\/div>\n","protected":false},"excerpt":{"rendered":"","protected":false},"author":1,"featured_media":0,"parent":0,"menu_order":0,"comment_status":"closed","ping_status":"closed","template":"","meta":{"footnotes":""},"class_list":["post-49","page","type-page","status-publish","hentry"],"_links":{"self":[{"href":"https:\/\/evacucheck.com\/fr\/wp-json\/wp\/v2\/pages\/49","targetHints":{"allow":["GET"]}}],"collection":[{"href":"https:\/\/evacucheck.com\/fr\/wp-json\/wp\/v2\/pages"}],"about":[{"href":"https:\/\/evacucheck.com\/fr\/wp-json\/wp\/v2\/types\/page"}],"author":[{"embeddable":true,"href":"https:\/\/evacucheck.com\/fr\/wp-json\/wp\/v2\/users\/1"}],"replies":[{"embeddable":true,"href":"https:\/\/evacucheck.com\/fr\/wp-json\/wp\/v2\/comments?post=49"}],"version-history":[{"count":3,"href":"https:\/\/evacucheck.com\/fr\/wp-json\/wp\/v2\/pages\/49\/revisions"}],"predecessor-version":[{"id":149,"href":"https:\/\/evacucheck.com\/fr\/wp-json\/wp\/v2\/pages\/49\/revisions\/149"}],"wp:attachment":[{"href":"https:\/\/evacucheck.com\/fr\/wp-json\/wp\/v2\/media?parent=49"}],"curies":[{"name":"wp","href":"https:\/\/api.w.org\/{rel}","templated":true}]}}