{"id":54,"date":"2020-02-25T16:14:19","date_gmt":"2020-02-25T16:14:19","guid":{"rendered":"https:\/\/evacucheck.com\/how-to-order\/"},"modified":"2026-02-04T16:05:42","modified_gmt":"2026-02-04T16:05:42","slug":"pour-commander","status":"publish","type":"page","link":"https:\/\/evacucheck.com\/fr\/pour-commander\/","title":{"rendered":"Pour commander"},"content":{"rendered":"<div class=\"fusion-fullwidth fullwidth-box fusion-builder-row-1 nonhundred-percent-fullwidth non-hundred-percent-height-scrolling\" style=\"--awb-border-radius-top-left:0px;--awb-border-radius-top-right:0px;--awb-border-radius-bottom-right:0px;--awb-border-radius-bottom-left:0px;--awb-flex-wrap:wrap;\" ><div class=\"fusion-builder-row fusion-row\"><div class=\"fusion-layout-column fusion_builder_column fusion-builder-column-0 fusion_builder_column_1_1 1_1 fusion-one-full fusion-column-first fusion-column-last\" style=\"--awb-bg-size:cover;\"><div class=\"fusion-column-wrapper fusion-column-has-shadow fusion-flex-column-wrapper-legacy\"><div class=\"fusion-text fusion-text-1\"><p>Commander les produits <strong>Evacucheck<\/strong> est simple et rapide.<br \/>\nT\u00e9l\u00e9chargez simplement notre formulaire de commande, remplissez les informations requises et retournez-le-nous par courriel.<\/p>\n<p>Si vous souhaitez obtenir une soumission avant de passer votre commande, il nous fera plaisir de vous la transmettre.<br \/>\nNos prix de d\u00e9tail sont mis \u00e0 jour r\u00e9guli\u00e8rement en fonction de la disponibilit\u00e9 et du co\u00fbt de nos composantes de qualit\u00e9 sup\u00e9rieure.<\/p>\n<p>\ud83d\udcdd\ud83d\udc49 <strong><a href=\"https:\/\/evacucheck.com\/wp-content\/uploads\/2026\/02\/ORDER-FORM-ONLINE-copie2.ods.pdf\" target=\"_blank\" rel=\"noopener\">FORMULAIRE DE COMMANDE<\/a><\/strong><\/p>\n<hr \/>\n<p>\ud83d\udcec <strong>Envoyez votre formulaire rempli \u00e0\u00a0:<\/strong><br \/>\n<a href=\"mailto:adam@evacucheck.com\">adam@evacucheck.com<\/a><\/p>\n<p>\u2753 <strong>Demande d\u2019information\u00a0:<\/strong><br \/>\n<a href=\"mailto:adam@evacucheck.com\">adam@evacucheck.com<\/a><\/p>\n<p>\ud83d\udcbc <strong>Comptabilit\u00e9\u00a0:<\/strong><br \/>\n<a href=\"mailto:accounting@evacucheck.com\">accounting@evacucheck.com<\/a><\/p>\n<p>\ud83d\udcde <strong>T\u00e9l\u00e9phone\u00a0:<\/strong><br \/>\n1-888-777-4214<br \/>\n1-418-757-1757<\/p>\n<\/div><div class=\"fusion-clearfix\"><\/div><\/div><\/div><\/div><\/div>\n","protected":false},"excerpt":{"rendered":"","protected":false},"author":1,"featured_media":0,"parent":0,"menu_order":0,"comment_status":"closed","ping_status":"closed","template":"","meta":{"footnotes":""},"class_list":["post-54","page","type-page","status-publish","hentry"],"_links":{"self":[{"href":"https:\/\/evacucheck.com\/fr\/wp-json\/wp\/v2\/pages\/54","targetHints":{"allow":["GET"]}}],"collection":[{"href":"https:\/\/evacucheck.com\/fr\/wp-json\/wp\/v2\/pages"}],"about":[{"href":"https:\/\/evacucheck.com\/fr\/wp-json\/wp\/v2\/types\/page"}],"author":[{"embeddable":true,"href":"https:\/\/evacucheck.com\/fr\/wp-json\/wp\/v2\/users\/1"}],"replies":[{"embeddable":true,"href":"https:\/\/evacucheck.com\/fr\/wp-json\/wp\/v2\/comments?post=54"}],"version-history":[{"count":7,"href":"https:\/\/evacucheck.com\/fr\/wp-json\/wp\/v2\/pages\/54\/revisions"}],"predecessor-version":[{"id":183,"href":"https:\/\/evacucheck.com\/fr\/wp-json\/wp\/v2\/pages\/54\/revisions\/183"}],"wp:attachment":[{"href":"https:\/\/evacucheck.com\/fr\/wp-json\/wp\/v2\/media?parent=54"}],"curies":[{"name":"wp","href":"https:\/\/api.w.org\/{rel}","templated":true}]}}