{"id":91,"date":"2020-02-25T17:21:26","date_gmt":"2020-02-25T17:21:26","guid":{"rendered":"https:\/\/evacucheck.com\/how-it-works\/"},"modified":"2020-02-25T17:35:54","modified_gmt":"2020-02-25T17:35:54","slug":"comment-ca-fonctionne","status":"publish","type":"page","link":"https:\/\/evacucheck.com\/fr\/comment-ca-fonctionne\/","title":{"rendered":"Comment \u00e7a fonctionne"},"content":{"rendered":"<p><div class=\"fusion-fullwidth fullwidth-box fusion-builder-row-1 nonhundred-percent-fullwidth non-hundred-percent-height-scrolling\" style=\"--awb-border-radius-top-left:0px;--awb-border-radius-top-right:0px;--awb-border-radius-bottom-right:0px;--awb-border-radius-bottom-left:0px;--awb-padding-bottom:30px;--awb-flex-wrap:wrap;\" ><div class=\"fusion-builder-row fusion-row\"><div class=\"fusion-layout-column fusion_builder_column fusion-builder-column-0 fusion_builder_column_1_4 1_4 fusion-one-fourth fusion-column-first\" style=\"--awb-bg-size:cover;width:25%;width:calc(25% - ( ( 4% + 4% ) * 0.25 ) );margin-right: 4%;\"><div class=\"fusion-column-wrapper fusion-column-has-shadow fusion-flex-column-wrapper-legacy\"><div class=\"fusion-clearfix\"><\/div><\/div><\/div><div class=\"fusion-layout-column fusion_builder_column fusion-builder-column-1 fusion_builder_column_1_2 1_2 fusion-one-half\" style=\"--awb-bg-size:cover;width:50%;width:calc(50% - ( ( 4% + 4% ) * 0.5 ) );margin-right: 4%;\"><div class=\"fusion-column-wrapper fusion-column-has-shadow fusion-flex-column-wrapper-legacy\"><div class=\"fusion-image-element in-legacy-container\" style=\"--awb-caption-title-font-family:var(--h2_typography-font-family);--awb-caption-title-font-weight:var(--h2_typography-font-weight);--awb-caption-title-font-style:var(--h2_typography-font-style);--awb-caption-title-size:var(--h2_typography-font-size);--awb-caption-title-transform:var(--h2_typography-text-transform);--awb-caption-title-line-height:var(--h2_typography-line-height);--awb-caption-title-letter-spacing:var(--h2_typography-letter-spacing);\"><span class=\" fusion-imageframe imageframe-none imageframe-1 hover-type-none\"><img decoding=\"async\" width=\"700\" height=\"370\" title=\"WO1361-trifold-EN_photo-2\" src=\"https:\/\/evacucheck.com\/wp-content\/uploads\/2020\/02\/WO1361-trifold-EN_photo-2.jpg\" alt class=\"img-responsive wp-image-81\" srcset=\"https:\/\/evacucheck.com\/wp-content\/uploads\/2020\/02\/WO1361-trifold-EN_photo-2-200x106.jpg 200w, https:\/\/evacucheck.com\/wp-content\/uploads\/2020\/02\/WO1361-trifold-EN_photo-2-400x211.jpg 400w, https:\/\/evacucheck.com\/wp-content\/uploads\/2020\/02\/WO1361-trifold-EN_photo-2-600x317.jpg 600w, https:\/\/evacucheck.com\/wp-content\/uploads\/2020\/02\/WO1361-trifold-EN_photo-2.jpg 700w\" sizes=\"(max-width: 800px) 100vw, 600px\" \/><\/span><\/div><div class=\"fusion-clearfix\"><\/div><\/div><\/div><div class=\"fusion-layout-column fusion_builder_column fusion-builder-column-2 fusion_builder_column_1_4 1_4 fusion-one-fourth fusion-column-last\" style=\"--awb-bg-size:cover;width:25%;width:calc(25% - ( ( 4% + 4% ) * 0.25 ) );\"><div class=\"fusion-column-wrapper fusion-column-has-shadow fusion-flex-column-wrapper-legacy\"><div class=\"fusion-clearfix\"><\/div><\/div><\/div><\/div><\/div><div class=\"fusion-fullwidth fullwidth-box fusion-builder-row-2 nonhundred-percent-fullwidth non-hundred-percent-height-scrolling\" style=\"--awb-border-radius-top-left:0px;--awb-border-radius-top-right:0px;--awb-border-radius-bottom-right:0px;--awb-border-radius-bottom-left:0px;--awb-flex-wrap:wrap;\" ><div class=\"fusion-builder-row fusion-row\"><div class=\"fusion-layout-column fusion_builder_column fusion-builder-column-3 fusion_builder_column_1_6 1_6 fusion-one-sixth fusion-column-first\" style=\"--awb-bg-size:cover;width:16.666666666667%;width:calc(16.666666666667% - ( ( 4% ) * 0.16666666666667 ) );margin-right: 4%;\"><div class=\"fusion-column-wrapper fusion-column-has-shadow fusion-flex-column-wrapper-legacy\"><div class=\"fusion-image-element fusion-image-align-right in-legacy-container\" style=\"text-align:right;--awb-caption-title-font-family:var(--h2_typography-font-family);--awb-caption-title-font-weight:var(--h2_typography-font-weight);--awb-caption-title-font-style:var(--h2_typography-font-style);--awb-caption-title-size:var(--h2_typography-font-size);--awb-caption-title-transform:var(--h2_typography-text-transform);--awb-caption-title-line-height:var(--h2_typography-line-height);--awb-caption-title-letter-spacing:var(--h2_typography-letter-spacing);\"><span class=\" fusion-imageframe imageframe-none imageframe-2 hover-type-none\" style=\"margin-left:25px;float:right;\"><img decoding=\"async\" width=\"70\" height=\"70\" title=\"no1\" src=\"https:\/\/evacucheck.com\/wp-content\/uploads\/2020\/02\/no1.png\" alt class=\"img-responsive wp-image-69\" srcset=\"https:\/\/evacucheck.com\/wp-content\/uploads\/2020\/02\/no1-66x66.png 66w, https:\/\/evacucheck.com\/wp-content\/uploads\/2020\/02\/no1.png 70w\" sizes=\"(max-width: 70px) 100vw, 70px\" \/><\/span><\/div><div class=\"fusion-clearfix\"><\/div><\/div><\/div><div class=\"fusion-layout-column fusion_builder_column fusion-builder-column-4 fusion_builder_column_5_6 5_6 fusion-five-sixth fusion-column-last\" style=\"--awb-bg-size:cover;width:83.333333333333%;width:calc(83.333333333333% - ( ( 4% ) * 0.83333333333333 ) );\"><div class=\"fusion-column-wrapper fusion-column-has-shadow fusion-flex-column-wrapper-legacy\"><div class=\"fusion-text fusion-text-1\"><p><strong>Evacucheck est pourvu du num\u00e9ro de la pi\u00e8ce et de fl\u00e8ches qui indiquent les sorties de secours les plus pr\u00e8s.<\/strong><\/p>\n<ul>\n<li class=\"last-child\">\u00c9conomise du temps et \u00e9vite la multiplication d\u2019efforts du personnel et des intervenants d\u2019urgence en indiquant si des personnes sont retourn\u00e9es dans certaines pi\u00e8ces.<\/li>\n<\/ul>\n<\/div><div class=\"fusion-clearfix\"><\/div><\/div><\/div><div class=\"fusion-layout-column fusion_builder_column fusion-builder-column-5 fusion_builder_column_1_6 1_6 fusion-one-sixth fusion-column-first\" style=\"--awb-bg-size:cover;width:16.666666666667%;width:calc(16.666666666667% - ( ( 4% ) * 0.16666666666667 ) );margin-right: 4%;\"><div class=\"fusion-column-wrapper fusion-column-has-shadow fusion-flex-column-wrapper-legacy\"><div class=\"fusion-image-element fusion-image-align-right in-legacy-container\" style=\"text-align:right;--awb-caption-title-font-family:var(--h2_typography-font-family);--awb-caption-title-font-weight:var(--h2_typography-font-weight);--awb-caption-title-font-style:var(--h2_typography-font-style);--awb-caption-title-size:var(--h2_typography-font-size);--awb-caption-title-transform:var(--h2_typography-text-transform);--awb-caption-title-line-height:var(--h2_typography-line-height);--awb-caption-title-letter-spacing:var(--h2_typography-letter-spacing);\"><span class=\" fusion-imageframe imageframe-none imageframe-3 hover-type-none\" style=\"margin-left:25px;float:right;\"><img decoding=\"async\" width=\"70\" height=\"70\" title=\"no2\" src=\"https:\/\/evacucheck.com\/wp-content\/uploads\/2020\/02\/no2.png\" alt class=\"img-responsive wp-image-73\" srcset=\"https:\/\/evacucheck.com\/wp-content\/uploads\/2020\/02\/no2-66x66.png 66w, https:\/\/evacucheck.com\/wp-content\/uploads\/2020\/02\/no2.png 70w\" sizes=\"(max-width: 70px) 100vw, 70px\" \/><\/span><\/div><div class=\"fusion-clearfix\"><\/div><\/div><\/div><div class=\"fusion-layout-column fusion_builder_column fusion-builder-column-6 fusion_builder_column_5_6 5_6 fusion-five-sixth fusion-column-last\" style=\"--awb-bg-size:cover;width:83.333333333333%;width:calc(83.333333333333% - ( ( 4% ) * 0.83333333333333 ) );\"><div class=\"fusion-column-wrapper fusion-column-has-shadow fusion-flex-column-wrapper-legacy\"><div class=\"fusion-text fusion-text-2\"><p><strong>Le m\u00e9canisme \u00e0 ressort referme automatiquement le dispositif lorsque la porte est entrouverte de plus d\u2019un pouce (120 degr\u00e9).<\/strong><\/p>\n<ul>\n<li class=\"last-child\">Garantie une \u00e9vacuation compl\u00e8te et r\u00e9ussie.<\/li>\n<\/ul>\n<\/div><div class=\"fusion-clearfix\"><\/div><\/div><\/div><div class=\"fusion-layout-column fusion_builder_column fusion-builder-column-7 fusion_builder_column_1_6 1_6 fusion-one-sixth fusion-column-first\" style=\"--awb-bg-size:cover;width:16.666666666667%;width:calc(16.666666666667% - ( ( 4% ) * 0.16666666666667 ) );margin-right: 4%;\"><div class=\"fusion-column-wrapper fusion-column-has-shadow fusion-flex-column-wrapper-legacy\"><div class=\"fusion-image-element fusion-image-align-right in-legacy-container\" style=\"text-align:right;--awb-caption-title-font-family:var(--h2_typography-font-family);--awb-caption-title-font-weight:var(--h2_typography-font-weight);--awb-caption-title-font-style:var(--h2_typography-font-style);--awb-caption-title-size:var(--h2_typography-font-size);--awb-caption-title-transform:var(--h2_typography-text-transform);--awb-caption-title-line-height:var(--h2_typography-line-height);--awb-caption-title-letter-spacing:var(--h2_typography-letter-spacing);\"><span class=\" fusion-imageframe imageframe-none imageframe-4 hover-type-none\" style=\"margin-left:25px;float:right;\"><img decoding=\"async\" width=\"70\" height=\"70\" title=\"no3\" src=\"https:\/\/evacucheck.com\/wp-content\/uploads\/2020\/02\/no3.png\" alt class=\"img-responsive wp-image-75\" srcset=\"https:\/\/evacucheck.com\/wp-content\/uploads\/2020\/02\/no3-66x66.png 66w, https:\/\/evacucheck.com\/wp-content\/uploads\/2020\/02\/no3.png 70w\" sizes=\"(max-width: 70px) 100vw, 70px\" \/><\/span><\/div><div class=\"fusion-clearfix\"><\/div><\/div><\/div><div class=\"fusion-layout-column fusion_builder_column fusion-builder-column-8 fusion_builder_column_5_6 5_6 fusion-five-sixth fusion-column-last\" style=\"--awb-bg-size:cover;width:83.333333333333%;width:calc(83.333333333333% - ( ( 4% ) * 0.83333333333333 ) );\"><div class=\"fusion-column-wrapper fusion-column-has-shadow fusion-flex-column-wrapper-legacy\"><div class=\"fusion-text fusion-text-3\"><div class=\"content-column one_half\"><strong>En position ferm\u00e9e, Evacucheck est tr\u00e8s discret et n\u2019affecte en rien l\u2019esth\u00e9tisme de l\u2019immeuble. (Il est possible de peinturer le dispositif la couleur de la porte.)<\/strong><\/div>\n<\/div><div class=\"fusion-clearfix\"><\/div><\/div><\/div><div class=\"fusion-layout-column fusion_builder_column fusion-builder-column-9 fusion_builder_column_1_6 1_6 fusion-one-sixth fusion-column-first\" style=\"--awb-bg-size:cover;width:16.666666666667%;width:calc(16.666666666667% - ( ( 4% ) * 0.16666666666667 ) );margin-right: 4%;\"><div class=\"fusion-column-wrapper fusion-column-has-shadow fusion-flex-column-wrapper-legacy\"><div class=\"fusion-image-element fusion-image-align-right in-legacy-container\" style=\"text-align:right;--awb-caption-title-font-family:var(--h2_typography-font-family);--awb-caption-title-font-weight:var(--h2_typography-font-weight);--awb-caption-title-font-style:var(--h2_typography-font-style);--awb-caption-title-size:var(--h2_typography-font-size);--awb-caption-title-transform:var(--h2_typography-text-transform);--awb-caption-title-line-height:var(--h2_typography-line-height);--awb-caption-title-letter-spacing:var(--h2_typography-letter-spacing);\"><span class=\" fusion-imageframe imageframe-none imageframe-5 hover-type-none\" style=\"margin-left:25px;float:right;\"><img decoding=\"async\" width=\"70\" height=\"70\" title=\"no4\" src=\"https:\/\/evacucheck.com\/wp-content\/uploads\/2020\/02\/no4.png\" alt class=\"img-responsive wp-image-77\" srcset=\"https:\/\/evacucheck.com\/wp-content\/uploads\/2020\/02\/no4-66x66.png 66w, https:\/\/evacucheck.com\/wp-content\/uploads\/2020\/02\/no4.png 70w\" sizes=\"(max-width: 70px) 100vw, 70px\" \/><\/span><\/div><div class=\"fusion-clearfix\"><\/div><\/div><\/div><div class=\"fusion-layout-column fusion_builder_column fusion-builder-column-10 fusion_builder_column_5_6 5_6 fusion-five-sixth fusion-column-last\" style=\"--awb-bg-size:cover;width:83.333333333333%;width:calc(83.333333333333% - ( ( 4% ) * 0.83333333333333 ) );\"><div class=\"fusion-column-wrapper fusion-column-has-shadow fusion-flex-column-wrapper-legacy\"><div class=\"fusion-text fusion-text-4\"><p><strong>Evacucheck est un syst\u00e8me de v\u00e9rification d\u2019\u00e9vacuation des pi\u00e8ces qui permet une \u00e9vacuation efficace et s\u00e9curitaire.<\/strong><\/p>\n<ul>\n<li>S\u2019installe facilement sur tous les types de portes de fa\u00e7on permanente;<\/li>\n<li>Ne peut servir d\u2019arme;<\/li>\n<li class=\"last-child\">Fonctionne avec tous les types de portes. Des plaquettes de m\u00e9tal et des entretoises d\u2019assemblage pour les encadrements de portes en m\u00e9taux non-ferreux sont \u00e9galement disponibles.<\/li>\n<\/ul>\n<\/div><div class=\"fusion-clearfix\"><\/div><\/div><\/div><div class=\"fusion-layout-column fusion_builder_column fusion-builder-column-11 fusion_builder_column_1_6 1_6 fusion-one-sixth fusion-column-first\" style=\"--awb-bg-size:cover;width:16.666666666667%;width:calc(16.666666666667% - ( ( 4% ) * 0.16666666666667 ) );margin-right: 4%;\"><div class=\"fusion-column-wrapper fusion-column-has-shadow fusion-flex-column-wrapper-legacy\"><div class=\"fusion-image-element fusion-image-align-right in-legacy-container\" style=\"text-align:right;--awb-caption-title-font-family:var(--h2_typography-font-family);--awb-caption-title-font-weight:var(--h2_typography-font-weight);--awb-caption-title-font-style:var(--h2_typography-font-style);--awb-caption-title-size:var(--h2_typography-font-size);--awb-caption-title-transform:var(--h2_typography-text-transform);--awb-caption-title-line-height:var(--h2_typography-line-height);--awb-caption-title-letter-spacing:var(--h2_typography-letter-spacing);\"><span class=\" fusion-imageframe imageframe-none imageframe-6 hover-type-none\" style=\"margin-left:25px;float:right;\"><img decoding=\"async\" width=\"70\" height=\"70\" title=\"no5\" src=\"https:\/\/evacucheck.com\/wp-content\/uploads\/2020\/02\/no5.png\" alt class=\"img-responsive wp-image-79\" srcset=\"https:\/\/evacucheck.com\/wp-content\/uploads\/2020\/02\/no5-66x66.png 66w, https:\/\/evacucheck.com\/wp-content\/uploads\/2020\/02\/no5.png 70w\" sizes=\"(max-width: 70px) 100vw, 70px\" \/><\/span><\/div><div class=\"fusion-clearfix\"><\/div><\/div><\/div><div class=\"fusion-layout-column fusion_builder_column fusion-builder-column-12 fusion_builder_column_5_6 5_6 fusion-five-sixth fusion-column-last\" style=\"--awb-bg-size:cover;width:83.333333333333%;width:calc(83.333333333333% - ( ( 4% ) * 0.83333333333333 ) );\"><div class=\"fusion-column-wrapper fusion-column-has-shadow fusion-flex-column-wrapper-legacy\"><div class=\"fusion-text fusion-text-5\"><p><strong>La pellicule r\u00e9fl\u00e9chissante Diamond Grade 3M est tr\u00e8s visible lorsqu\u2019il y a peu de lumi\u00e8re ou s\u2019il y a de la fum\u00e9e.<\/strong><\/p>\n<ul>\n<li class=\"last-child\">Facilite \u00e9norm\u00e9ment les recherches et les \u00e9vacuations, que ce soit en cas de feu, de fuite de gaz, d\u2019alerte \u00e0 la bombe, d\u2019inondation, de disparition ou de patrouille de s\u00e9curit\u00e9.<\/li>\n<\/ul>\n<\/div><div class=\"fusion-clearfix\"><\/div><\/div><\/div><\/div><\/div><\/p>\n","protected":false},"excerpt":{"rendered":"","protected":false},"author":1,"featured_media":0,"parent":0,"menu_order":0,"comment_status":"closed","ping_status":"closed","template":"","meta":{"footnotes":""},"class_list":["post-91","page","type-page","status-publish","hentry"],"_links":{"self":[{"href":"https:\/\/evacucheck.com\/fr\/wp-json\/wp\/v2\/pages\/91","targetHints":{"allow":["GET"]}}],"collection":[{"href":"https:\/\/evacucheck.com\/fr\/wp-json\/wp\/v2\/pages"}],"about":[{"href":"https:\/\/evacucheck.com\/fr\/wp-json\/wp\/v2\/types\/page"}],"author":[{"embeddable":true,"href":"https:\/\/evacucheck.com\/fr\/wp-json\/wp\/v2\/users\/1"}],"replies":[{"embeddable":true,"href":"https:\/\/evacucheck.com\/fr\/wp-json\/wp\/v2\/comments?post=91"}],"version-history":[{"count":2,"href":"https:\/\/evacucheck.com\/fr\/wp-json\/wp\/v2\/pages\/91\/revisions"}],"predecessor-version":[{"id":93,"href":"https:\/\/evacucheck.com\/fr\/wp-json\/wp\/v2\/pages\/91\/revisions\/93"}],"wp:attachment":[{"href":"https:\/\/evacucheck.com\/fr\/wp-json\/wp\/v2\/media?parent=91"}],"curies":[{"name":"wp","href":"https:\/\/api.w.org\/{rel}","templated":true}]}}