{"id":94,"date":"2020-02-25T17:27:33","date_gmt":"2020-02-25T17:27:33","guid":{"rendered":"https:\/\/evacucheck.com\/our-clients\/"},"modified":"2020-02-25T17:37:28","modified_gmt":"2020-02-25T17:37:28","slug":"nos-clients","status":"publish","type":"page","link":"https:\/\/evacucheck.com\/fr\/nos-clients\/","title":{"rendered":"Nos clients"},"content":{"rendered":"<div class=\"fusion-fullwidth fullwidth-box fusion-builder-row-1 nonhundred-percent-fullwidth non-hundred-percent-height-scrolling\" style=\"--awb-border-radius-top-left:0px;--awb-border-radius-top-right:0px;--awb-border-radius-bottom-right:0px;--awb-border-radius-bottom-left:0px;--awb-flex-wrap:wrap;\" ><div class=\"fusion-builder-row fusion-row\"><div class=\"fusion-layout-column fusion_builder_column fusion-builder-column-0 fusion_builder_column_1_1 1_1 fusion-one-full fusion-column-first fusion-column-last\" style=\"--awb-bg-size:cover;\"><div class=\"fusion-column-wrapper fusion-column-has-shadow fusion-flex-column-wrapper-legacy\"><div class=\"fusion-text fusion-text-1\"><p>Le syst\u00e8me de v\u00e9rification d\u2019\u00e9vacuation des pi\u00e8ces\u00a0<strong>Evacucheck<\/strong>\u00a0est sans aucun doute un outil indispensable qui sauve du temps et des vies. On retrouve d\u00e9j\u00e0 notre produit partout au Canada et aux \u00c9tats-Unis. Nul besoin de nous croire sur parole car ci-dessous figure une liste de quelques \u00e9tablissements, organismes et entreprises qui utilisent d\u00e9j\u00e0 Evacucheck dans leurs immeubles.<\/p>\n<p><strong>CANADA:<\/strong><\/p>\n<ul>\n<li>Cour supr\u00eame du Canada, Ont.<\/li>\n<li>Immeuble du palais de justice du gouvernement provincial de l\u2019Ontario, Ont.<\/li>\n<li>Glengarry Stormont Dundas Lodge, Cornwall, Ont.<\/li>\n<li>Central Care Home, Victoria, C.-B.<\/li>\n<li>Gray Rocks Resort, Mont-Tremblant, Qc<\/li>\n<li>Hillsdale Manor, Oshawa, Ont.<\/li>\n<li>Providence Centre Hospital, Scarborough, Ont.<\/li>\n<li>Perley and Rideau Veterans\u2019 Health Care Centre, Ottawa, Ont.<\/li>\n<li>Island Lodge, Ottawa, Ont.<\/li>\n<li>Maxville Manor, Maxville, Ont.<\/li>\n<li>Golden Plow Lodge, Cobourg, Ont.<\/li>\n<li>Versacare Centre, Cornwall, Ont.<\/li>\n<li>Versacare Centre, Oshawa, Ont.<\/li>\n<li>Bonnechere Manor, Renfrew, Ont.<\/li>\n<li>Extendicare Centre, Oshawa, Ont.<\/li>\n<li>Extendicare Centre, Haliburton, Ont.<\/li>\n<li>Extendicare Centre, Peterborough, Ont.<\/li>\n<li>Extendicare Centre, Stoney Creek, Ont.<\/li>\n<li>Extendicare Centre, St. Catharines, Ont.<\/li>\n<li>Extendicare Centre, London, Ont.<\/li>\n<li>Extendicare Centre, North York, Ont.<\/li>\n<li>Extendicare Centre, Port Stanley, Ont.<\/li>\n<li>Extendicare Centre, Minden, Ont.<\/li>\n<li>Extendicare Centre Bayview, North York, Ont.<\/li>\n<li>Fairview Lodge, Whitby, Ont.<\/li>\n<li>Heritage Green Nursing home, Stoney Creek, Ont.<\/li>\n<li>Miramichi Lodge, Pembroke, Ont.<\/li>\n<li>H\u00f4pital g\u00e9n\u00e9ral d\u2019Hawkesbury, Hawkesbury, Ont.<\/li>\n<li>Markham Stouffville Hospital, Markham, Ont.<\/li>\n<li>Virden Sherwood Seniors Home, Virden, Man.<\/li>\n<li>Glebe Centre (Bronson place), Ottawa, Ont.<\/li>\n<li class=\"last-child\">Rideaucrest Home Kingston, Ont.<\/li>\n<\/ul>\n<p><strong>\u00c9TATS-UNIS:<\/strong><\/p>\n<ul>\n<li>Townhouse Hotel Columbia, SC<\/li>\n<li>Piedmont Lutheran Health Care Centre, Greer, SC<\/li>\n<li class=\"last-child\">Jefferson Davis Nursing Home Jennings, LA<\/li>\n<\/ul>\n<\/div><div class=\"fusion-clearfix\"><\/div><\/div><\/div><\/div><\/div>\n","protected":false},"excerpt":{"rendered":"","protected":false},"author":1,"featured_media":0,"parent":0,"menu_order":0,"comment_status":"closed","ping_status":"closed","template":"","meta":{"footnotes":""},"class_list":["post-94","page","type-page","status-publish","hentry"],"_links":{"self":[{"href":"https:\/\/evacucheck.com\/fr\/wp-json\/wp\/v2\/pages\/94","targetHints":{"allow":["GET"]}}],"collection":[{"href":"https:\/\/evacucheck.com\/fr\/wp-json\/wp\/v2\/pages"}],"about":[{"href":"https:\/\/evacucheck.com\/fr\/wp-json\/wp\/v2\/types\/page"}],"author":[{"embeddable":true,"href":"https:\/\/evacucheck.com\/fr\/wp-json\/wp\/v2\/users\/1"}],"replies":[{"embeddable":true,"href":"https:\/\/evacucheck.com\/fr\/wp-json\/wp\/v2\/comments?post=94"}],"version-history":[{"count":2,"href":"https:\/\/evacucheck.com\/fr\/wp-json\/wp\/v2\/pages\/94\/revisions"}],"predecessor-version":[{"id":96,"href":"https:\/\/evacucheck.com\/fr\/wp-json\/wp\/v2\/pages\/94\/revisions\/96"}],"wp:attachment":[{"href":"https:\/\/evacucheck.com\/fr\/wp-json\/wp\/v2\/media?parent=94"}],"curies":[{"name":"wp","href":"https:\/\/api.w.org\/{rel}","templated":true}]}}